{"id":36,"date":"2018-09-13T03:40:26","date_gmt":"2018-09-13T03:40:26","guid":{"rendered":"http:\/\/irsfoundation.com\/wp\/regulations\/?page_id=36"},"modified":"2026-02-21T14:45:36","modified_gmt":"2026-02-21T13:45:36","slug":"tarefas","status":"publish","type":"page","link":"https:\/\/www.cedjmb.pt\/index.php\/tarefas\/","title":{"rendered":"Tarefas"},"content":{"rendered":"<p><section class=\"kc-elm kc-css-779387 kc_row\"><div class=\"kc-row-container  kc-container  services-section-s3\"><div class=\"kc-wrap-columns\"><div class=\"kc-elm kc-css-672551 kc_col-sm-12 kc_column kc_col-sm-12\"><div class=\"kc-col-container\">    <div class=\"services-section-s2  services-section-69f2ff4652078  \">\r\n      <div class=\"service-grids\">\r\n                <div class=\"grid service-standard\">\r\n            <div class=\"icon\">\r\n                <i class=\"fa fa-file-text-o\"><\/i>\r\n            <\/div>\r\n            <h4><a href=\"https:\/\/www.cedjmb.pt\/index.php\/service\/criminal-law-the-whole-of-her-lower\/\"> 400<\/a><\/h4>\r\n            <p>pastas de documenta\u00e7\u00e3o em papel<\/p>\r\n        <\/div>\r\n                 <div class=\"grid service-standard\">\r\n            <div class=\"icon\">\r\n                <i class=\"fa fa-play-circle\"><\/i>\r\n            <\/div>\r\n            <h4><a href=\"https:\/\/www.cedjmb.pt\/index.php\/service\/personal-injury-lay-peacefully-familiar-walls\/\"> 200<\/a><\/h4>\r\n            <p>suportes digitais salvaguardados<\/p>\r\n        <\/div>\r\n                 <div class=\"grid service-standard\">\r\n            <div class=\"icon\">\r\n                <i class=\"fa fa-music\"><\/i>\r\n            <\/div>\r\n            <h4><a href=\"https:\/\/www.cedjmb.pt\/index.php\/service\/200-2\/\"> 200<\/a><\/h4>\r\n            <p>suportes fonogr\u00e1ficos obsoletos identificados<\/p>\r\n        <\/div>\r\n             <\/div>\r\n     <\/div>\r\n    <\/div><\/div><\/div><\/div><\/section><section class=\"kc-elm kc-css-78348 kc_row\"><div class=\"kc-row-container  kc-container\"><div class=\"kc-wrap-columns\"><div class=\"kc-elm kc-css-846381 kc_col-sm-4 kc_column kc_col-sm-4\"><div class=\"kc-col-container\"><div class=\"kc-elm kc-css-829273 kc_text_block\"><\/p>\n<p>O acervo pessoal de Jos\u00e9 M\u00e1rio Branco \u00e9 constitu\u00eddo por cerca de 400 pastas de documenta\u00e7\u00e3o em papel, actualmente em processo de digitaliza\u00e7\u00e3o em formatos n\u00e3o comprimidos e de alta resolu\u00e7\u00e3o.<\/p>\n<p>\n<\/div><\/div><\/div><div class=\"kc-elm kc-css-932470 kc_col-sm-8 kc_column kc_col-sm-8\"><div class=\"kc-col-container\"><div class=\"kc-elm kc-css-216845 kc_text_block\"><\/p>\n<p style=\"text-align: justify;\">Este processo tem sido complementado com a edi\u00e7\u00e3o digital de cada ficheiro, a partir de perfis de cor espec\u00edficos a cada digitalizador, visando uma maior correspond\u00eancia entre as caracter\u00edsticas f\u00edsicas do documento e as imagens digitais. Na sequ\u00eancia desta edi\u00e7\u00e3o, s\u00e3o criadas vers\u00f5es em formato comprimido e em PDF de cada documento para disponibiliza\u00e7\u00e3o e inventaria\u00e7\u00e3o na plataforma AtoM, na qual se pretende espelhar a organiza\u00e7\u00e3o f\u00edsica do acervo documental. Foram ainda salvaguardados os conte\u00fados de cerca de 200 suportes digitais (discos r\u00edgidos, CD-Rs, entre outros) provindos do acervo de Jos\u00e9 M\u00e1rio Branco, criando-se backups de cada um, dada a sua progressiva degrada\u00e7\u00e3o. Os conte\u00fados digitais do acervo foram duplicados em drives com redund\u00e2ncia (RAID) para melhor preserva\u00e7\u00e3o.<\/p>\n<p style=\"text-align: justify;\">Paralelamente, foram identificados e digitalizados cerca de 200 suportes fonogr\u00e1ficos em formatos obsoletos (bobines de fita magn\u00e9tica, cassetes \u00e1udio, cassetes DTRS, cassetes DAT, e.o.) com maquetes, grava\u00e7\u00f5es de concertos, grava\u00e7\u00f5es de ensaios, pe\u00e7as teatrais, multi-pistas de est\u00fadio, fitas de sonoplastia para teatro, m\u00fasica para filmes, e.o., relacionados com os percursos art\u00edstico e c\u00edvico de Jos\u00e9 M\u00e1rio Branco. A maioria destes suportes prov\u00eam do acervo de Jos\u00e9 M\u00e1rio Branco; outros foram localizados pelos curadores em diversos arquivos p\u00fablicos e pessoais. Este trabalho, iniciado em colabora\u00e7\u00e3o com o pr\u00f3prio Jos\u00e9 M\u00e1rio Branco, resultou na edi\u00e7\u00e3o do seu disco In\u00e9ditos 1967-1999, publicado em 2018, prevendo-se novas edi\u00e7\u00f5es resultantes destes materiais.<\/p>\n<p style=\"text-align: justify;\">O CEDJMB-ML arquiva ainda grande parte da sua colec\u00e7\u00e3o bibliogr\u00e1fica e discogr\u00e1fica, assim como outros objectos ligados ao seu percurso (instrumentos musicais, pr\u00e9mios, e.o.).<\/p>\n<p>\n<\/div><\/div><\/div><\/div><\/div><\/section><section class=\"kc-elm kc-css-326729 kc_row\"><div class=\"kc-row-container  kc-container\"><div class=\"kc-wrap-columns\"><div class=\"kc-elm kc-css-132315 kc_col-sm-4 kc_column kc_col-sm-4\"><div class=\"kc-col-container\"><div class=\"kc-elm kc-css-196507\" style=\"height: 40px; clear: both; width:100%;\"><\/div><div class=\"kc-elm kc-css-380253 kc_shortcode kc_single_image\">\n\n        <img decoding=\"async\" src=\"https:\/\/www.cedjmb.pt\/wp-content\/uploads\/2025\/05\/tarefas_img1.jpg\" class=\"\" alt=\"\" \/>    <\/div>\n<div class=\"kc-elm kc-css-251292\" style=\"height: 20px; clear: both; width:100%;\"><\/div><\/div><\/div><div class=\"kc-elm kc-css-774076 kc_col-sm-4 kc_column kc_col-sm-4\"><div class=\"kc-col-container\"><div class=\"kc-elm kc-css-33021\" style=\"height: 40px; clear: both; width:100%;\"><\/div><div class=\"kc-elm kc-css-166327 kc_shortcode kc_single_image\">\n\n        <img decoding=\"async\" src=\"https:\/\/www.cedjmb.pt\/wp-content\/uploads\/2025\/05\/tarefas_img2.jpg\" class=\"\" alt=\"\" \/>    <\/div>\n<div class=\"kc-elm kc-css-732010\" style=\"height: 20px; clear: both; width:100%;\"><\/div><\/div><\/div><div class=\"kc-elm kc-css-586714 kc_col-sm-4 kc_column kc_col-sm-4\"><div class=\"kc-col-container\"><div class=\"kc-elm kc-css-760870\" style=\"height: 40px; clear: both; width:100%;\"><\/div><div class=\"kc-elm kc-css-963706 kc_shortcode kc_single_image\">\n\n        <img decoding=\"async\" src=\"https:\/\/www.cedjmb.pt\/wp-content\/uploads\/2025\/05\/tarefas_img3.jpg\" class=\"\" alt=\"\" \/>    <\/div>\n<div class=\"kc-elm kc-css-647176\" style=\"height: 20px; clear: both; width:100%;\"><\/div><\/div><\/div><\/div><\/div><\/section><section class=\"kc-elm kc-css-208730 kc_row\"><div class=\"kc-row-container  kc-container\"><div class=\"kc-wrap-columns\"><div class=\"kc-elm kc-css-447120 kc_col-sm-12 kc_column kc_col-sm-12\"><div class=\"kc-col-container\">    <div class=\"social-newsletter-section  social-69f2ff4654126 \">\r\n      <div class=\"social-holder\">\r\n                   <div><a href=\"#\">\r\n            <i class=\"fab-facebook\"><\/i>\r\n            <span><\/span><\/a>\r\n          <\/div>\r\n                  <div><a href=\"#\">\r\n            <i class=\"fab-instagram\"><\/i>\r\n            <span><\/span><\/a>\r\n          <\/div>\r\n              <\/div>\r\n    <\/div>\r\n    <\/div><\/div><\/div><\/div><\/section><\/p>\n","protected":false},"excerpt":{"rendered":"","protected":false},"author":1,"featured_media":0,"parent":0,"menu_order":0,"comment_status":"closed","ping_status":"closed","template":"","meta":{"footnotes":""},"class_list":["post-36","page","type-page","status-publish","hentry"],"_links":{"self":[{"href":"https:\/\/www.cedjmb.pt\/index.php\/wp-json\/wp\/v2\/pages\/36","targetHints":{"allow":["GET"]}}],"collection":[{"href":"https:\/\/www.cedjmb.pt\/index.php\/wp-json\/wp\/v2\/pages"}],"about":[{"href":"https:\/\/www.cedjmb.pt\/index.php\/wp-json\/wp\/v2\/types\/page"}],"author":[{"embeddable":true,"href":"https:\/\/www.cedjmb.pt\/index.php\/wp-json\/wp\/v2\/users\/1"}],"replies":[{"embeddable":true,"href":"https:\/\/www.cedjmb.pt\/index.php\/wp-json\/wp\/v2\/comments?post=36"}],"version-history":[{"count":82,"href":"https:\/\/www.cedjmb.pt\/index.php\/wp-json\/wp\/v2\/pages\/36\/revisions"}],"predecessor-version":[{"id":1269,"href":"https:\/\/www.cedjmb.pt\/index.php\/wp-json\/wp\/v2\/pages\/36\/revisions\/1269"}],"wp:attachment":[{"href":"https:\/\/www.cedjmb.pt\/index.php\/wp-json\/wp\/v2\/media?parent=36"}],"curies":[{"name":"wp","href":"https:\/\/api.w.org\/{rel}","templated":true}]}}