{"id":503,"date":"2025-05-04T20:08:42","date_gmt":"2025-05-04T19:08:42","guid":{"rendered":"http:\/\/www.cedjmb.pt\/?page_id=503"},"modified":"2026-02-23T12:12:36","modified_gmt":"2026-02-23T11:12:36","slug":"base-de-dados","status":"publish","type":"page","link":"https:\/\/www.cedjmb.pt\/index.php\/base-de-dados\/","title":{"rendered":"Base de dados"},"content":{"rendered":"<p><section class=\"kc-elm kc-css-146475 kc_row\"><div class=\"kc-row-container  kc-container\"><div class=\"kc-wrap-columns\"><div class=\"kc-elm kc-css-318622 kc_col-sm-12 kc_column kc_col-sm-12\"><div class=\"kc-col-container\"><div class=\"kc-elm kc-css-651233\" style=\"height: 60px; clear: both; width:100%;\"><\/div><div class=\"kc-elm kc-css-419213\" style=\"height: 40px; clear: both; width:100%;\"><\/div><div class=\"kc-elm kc-css-639700\">\n\t<div class=\"kc-carousel_images kc-elm kc-css-639700\">\n\t\n\t\t<div class=\"kc-carousel-images owl-carousel-images kc-sync1  owl-nav-round\" data-owl-i-options='{\"items\":\"1\",\"tablet\":\"1\",\"mobile\":\"1\",\"speed\":\"500\",\"navigation\":\"yes\",\"pagination\":\"yes\",\"autoheight\":\"\",\"progressbar\":\"\",\"delay\":\"8\",\"autoplay\":\"yes\",\"showthumb\":\"\",\"num_thumb\":\"5\"}'>\n\t\n\t\t\t\t\t<div class=\"item\">\n\t\n\t\t\t\t\t\t\t<img decoding=\"async\" src=\"https:\/\/www.cedjmb.pt\/wp-content\/uploads\/2025\/06\/atom1.jpg\"  alt=\"\"\/>\n\t\n\t\t\t\t\n\t\t\t<\/div>\n\t\n\t\t\t\t\t<div class=\"item\">\n\t\n\t\t\t\t\t\t\t<img decoding=\"async\" src=\"https:\/\/www.cedjmb.pt\/wp-content\/uploads\/2025\/06\/atom2.jpg\"  alt=\"\"\/>\n\t\n\t\t\t\t\n\t\t\t<\/div>\n\t\n\t\t\t\t\t<div class=\"item\">\n\t\n\t\t\t\t\t\t\t<img decoding=\"async\" src=\"https:\/\/www.cedjmb.pt\/wp-content\/uploads\/2025\/06\/atom3.jpg\"  alt=\"\"\/>\n\t\n\t\t\t\t\n\t\t\t<\/div>\n\t\n\t\t\t\t\t<div class=\"item\">\n\t\n\t\t\t\t\t\t\t<img decoding=\"async\" src=\"https:\/\/www.cedjmb.pt\/wp-content\/uploads\/2025\/06\/atom4.jpg\"  alt=\"\"\/>\n\t\n\t\t\t\t\n\t\t\t<\/div>\n\t\n\t\t\t\n\t\t<\/div>\n\t\n\t\t\t<\/div>\n<\/div>\n<div class=\"kc-elm kc-css-655684\" style=\"height: 30px; clear: both; width:100%;\"><\/div><div class=\"kc-elm kc-css-759182 kc_text_block\"><\/p>\n<p><span style=\"font-size: 28px;\">Para efeitos de inventaria\u00e7\u00e3o e disponibiliza\u00e7\u00e3o p\u00fablica do acervo documental, recorreu-se \u00e0 plataforma de descri\u00e7\u00e3o arquiv\u00edstica <em>AtoM<\/em>, integralmente voltada para web e baseada em normas do\u00a0Conselho Internacional de Arquivos\u00a0(CIA).<\/span><\/p>\n<p>\n<\/div><div class=\"kc-elm kc-css-799794 kc_text_block\"><\/p>\n<p><em>AtoM<\/em>&nbsp;\u00e9 um acr\u00f3nimo para&nbsp;<em>Access to Memory<\/em> [Acesso \u00e0 Mem\u00f3ria]. Nesta plataforma, pretendeu-se espelhar a organiza\u00e7\u00e3o f\u00edsica dos materiais depositados, tendo sido mantida &#8211; dentro do poss\u00edvel &#8211; a organiza\u00e7\u00e3o original da documenta\u00e7\u00e3o. No \u00e2mbito do CEDJMB-ML, foram tamb\u00e9m identificados outros materiais provindos ou localizados noutras institui\u00e7\u00f5es ou colec\u00e7\u00f5es pessoais relacionados com o percurso art\u00edstico e pessoal de Jos\u00e9 M\u00e1rio Branco, a integrar futuramente na plataforma.<\/p>\n<p>Cada registo de descri\u00e7\u00e3o arquiv\u00edstica encontra-se associado a diversas ontologias e entidades (individuais e colectivas), conferindo um car\u00e1cter relacional \u00e0 plataforma. A cada registo encontra-se tamb\u00e9m associado um objecto digital (em formatos de imagem, \u00e1udio, v\u00eddeo, entre outros), facilitando assim o acesso \u00e0 dist\u00e2ncia aos conte\u00fados da documenta\u00e7\u00e3o preservada, salvo casos sujeitos a autoriza\u00e7\u00e3o.<\/p>\n<p>\n<\/div><\/div><\/div><\/div><\/div><\/section><section class=\"kc-elm kc-css-204762 kc_row\"><div class=\"kc-row-container  kc-container\"><div class=\"kc-wrap-columns\"><div class=\"kc-elm kc-css-501342 kc_col-sm-4 kc_column kc_col-sm-4\"><div class=\"kc-col-container\"><\/div><\/div><div class=\"kc-elm kc-css-985248 kc_col-sm-4 kc_column kc_col-sm-4\"><div class=\"kc-col-container\">\n<div class=\"kc-elm kc-css-377476\">\n\t<a class=\"kc_button\" href=\"http:\/\/www.cedjmbbase.pt\/\" target=\"_blank\" title=\"\" onclick=\"\">\n\t\tAceder \u00e0 base de dados do CEDJMB-ML\t<\/a>\n<\/div>\n<\/div><\/div><div class=\"kc-elm kc-css-359329 kc_col-sm-4 kc_column kc_col-sm-4\"><div class=\"kc-col-container\"><\/div><\/div><\/div><\/div><\/section><section class=\"kc-elm kc-css-530796 kc_row\"><div class=\"kc-row-container  kc-container\"><div class=\"kc-wrap-columns\"><div class=\"kc-elm kc-css-835126 kc_col-sm-12 kc_column kc_col-sm-12\"><div class=\"kc-col-container\"><div class=\"kc-elm kc-css-295047\" style=\"height: 20px; clear: both; width:100%;\"><\/div><\/div><\/div><\/div><\/div><\/section><section class=\"kc-elm kc-css-554142 kc_row\"><div class=\"kc-row-container  kc-container\"><div class=\"kc-wrap-columns\"><div class=\"kc-elm kc-css-889787 kc_col-sm-12 kc_column kc_col-sm-12\"><div class=\"kc-col-container\">    <div class=\"social-newsletter-section  social-69f2ff70a429e \">\r\n      <div class=\"social-holder\">\r\n                   <div><a href=\"#\">\r\n            <i class=\"fab-facebook-square\"><\/i>\r\n            <span><\/span><\/a>\r\n          <\/div>\r\n                  <div><a href=\"#\">\r\n            <i class=\"fab-instagram\"><\/i>\r\n            <span><\/span><\/a>\r\n          <\/div>\r\n              <\/div>\r\n    <\/div>\r\n    <\/div><\/div><\/div><\/div><\/section><\/p>\n","protected":false},"excerpt":{"rendered":"","protected":false},"author":1,"featured_media":0,"parent":0,"menu_order":0,"comment_status":"closed","ping_status":"closed","template":"","meta":{"footnotes":""},"class_list":["post-503","page","type-page","status-publish","hentry"],"_links":{"self":[{"href":"https:\/\/www.cedjmb.pt\/index.php\/wp-json\/wp\/v2\/pages\/503","targetHints":{"allow":["GET"]}}],"collection":[{"href":"https:\/\/www.cedjmb.pt\/index.php\/wp-json\/wp\/v2\/pages"}],"about":[{"href":"https:\/\/www.cedjmb.pt\/index.php\/wp-json\/wp\/v2\/types\/page"}],"author":[{"embeddable":true,"href":"https:\/\/www.cedjmb.pt\/index.php\/wp-json\/wp\/v2\/users\/1"}],"replies":[{"embeddable":true,"href":"https:\/\/www.cedjmb.pt\/index.php\/wp-json\/wp\/v2\/comments?post=503"}],"version-history":[{"count":45,"href":"https:\/\/www.cedjmb.pt\/index.php\/wp-json\/wp\/v2\/pages\/503\/revisions"}],"predecessor-version":[{"id":1272,"href":"https:\/\/www.cedjmb.pt\/index.php\/wp-json\/wp\/v2\/pages\/503\/revisions\/1272"}],"wp:attachment":[{"href":"https:\/\/www.cedjmb.pt\/index.php\/wp-json\/wp\/v2\/media?parent=503"}],"curies":[{"name":"wp","href":"https:\/\/api.w.org\/{rel}","templated":true}]}}